{"id":271,"date":"2023-09-26T18:38:20","date_gmt":"2023-09-26T16:38:20","guid":{"rendered":"https:\/\/jurakarten.de\/?page_id=271"},"modified":"2023-12-15T21:28:47","modified_gmt":"2023-12-15T20:28:47","slug":"home","status":"publish","type":"page","link":"https:\/\/jurakarten.de\/","title":{"rendered":"Home"},"content":{"rendered":"\t\t<div data-elementor-type=\"wp-page\" data-elementor-id=\"271\" class=\"elementor elementor-271\">\n\t\t\t\t<div class=\"elementor-element elementor-element-58bf24c e-flex e-con-boxed e-con e-parent\" data-id=\"58bf24c\" data-element_type=\"container\" data-e-type=\"container\">\n\t\t\t\t\t<div class=\"e-con-inner\">\n\t\t\t\t<div class=\"elementor-element elementor-element-6624df9 elementor-widget elementor-widget-text-editor\" data-id=\"6624df9\" data-element_type=\"widget\" data-e-type=\"widget\" data-widget_type=\"text-editor.default\">\n\t\t\t\t<div class=\"elementor-widget-container\">\n\t\t\t\t\t\t\t\t\t<p><em>Willkommen auf meiner Seite.<\/em><\/p><p><em>Nach Jahrzehnte langer Anwaltst\u00e4tigkeit m\u00f6chte ich hier aus dem Erfahrungsschatz im Umgang mit Mandanten Juristische Alltagsthemen pr\u00e4sentieren, kurz und verst\u00e4ndlich zusammen gefasst im Kartenformat. F\u00fcr juristische Laien als Kurzinformation sowie f\u00fcr Kolleg(inn)en als m\u00f6gliches Instrument der Mandantenakquise. <\/em><\/p><p><em>Es steckt alles noch in den Anf\u00e4ngen und wird laufend aktualisiert und um weitere Themen erg\u00e4nzt. Wundern Sie sich also bitte nicht \u00fcber das zun\u00e4chst bescheidene Sortiment. Es kann t\u00e4glich etwas Neues hinzu kommen.<\/em><\/p><p><em>F\u00fcr Anfragen oder Anregungen nutzen Sie bitte die Mail-Kontaktadresse. <br \/><\/em><\/p><p><em>Ich freue mich \u00fcber Ihr Interesse und gern Ihr (auch kritisches) Feedback.<\/em><\/p><p><em>Herzlich willkommen sind auch Verfasser origineller Karten juristischer Art, die vielleicht eine Plattform f\u00fcr ihre Ideen suchen. Email gen\u00fcgt, und ich melde mich umgehend zur\u00fcck. <\/em><em>Vielleicht entwickelt sich eine fruchtbare Kooperation.<\/em><\/p><p><em>Beste Gr\u00fc\u00dfe aus Dortmund<\/em><\/p><p><em>Franz \u2013 J. Ku\u00dfmann<\/em><\/p>\t\t\t\t\t\t\t\t<\/div>\n\t\t\t\t<\/div>\n\t\t\t\t\t<\/div>\n\t\t\t\t<\/div>\n\t\t\t\t<\/div>\n\t\t","protected":false},"excerpt":{"rendered":"<p>Willkommen auf meiner Seite. Nach Jahrzehnte langer Anwaltst\u00e4tigkeit m\u00f6chte ich hier aus dem Erfahrungsschatz im Umgang mit Mandanten Juristische Alltagsthemen pr\u00e4sentieren, kurz und verst\u00e4ndlich zusammen gefasst im Kartenformat. F\u00fcr juristische Laien als Kurzinformation sowie f\u00fcr Kolleg(inn)en als m\u00f6gliches Instrument der Mandantenakquise. Es steckt alles noch in den Anf\u00e4ngen und wird laufend aktualisiert und um weitere [&hellip;]<\/p>\n","protected":false},"author":1,"featured_media":0,"parent":0,"menu_order":0,"comment_status":"closed","ping_status":"closed","template":"","meta":{"footnotes":""},"class_list":["post-271","page","type-page","status-publish","hentry"],"_links":{"self":[{"href":"https:\/\/jurakarten.de\/index.php?rest_route=\/wp\/v2\/pages\/271","targetHints":{"allow":["GET"]}}],"collection":[{"href":"https:\/\/jurakarten.de\/index.php?rest_route=\/wp\/v2\/pages"}],"about":[{"href":"https:\/\/jurakarten.de\/index.php?rest_route=\/wp\/v2\/types\/page"}],"author":[{"embeddable":true,"href":"https:\/\/jurakarten.de\/index.php?rest_route=\/wp\/v2\/users\/1"}],"replies":[{"embeddable":true,"href":"https:\/\/jurakarten.de\/index.php?rest_route=%2Fwp%2Fv2%2Fcomments&post=271"}],"version-history":[{"count":37,"href":"https:\/\/jurakarten.de\/index.php?rest_route=\/wp\/v2\/pages\/271\/revisions"}],"predecessor-version":[{"id":543,"href":"https:\/\/jurakarten.de\/index.php?rest_route=\/wp\/v2\/pages\/271\/revisions\/543"}],"wp:attachment":[{"href":"https:\/\/jurakarten.de\/index.php?rest_route=%2Fwp%2Fv2%2Fmedia&parent=271"}],"curies":[{"name":"wp","href":"https:\/\/api.w.org\/{rel}","templated":true}]}}